{"id":16,"date":"2025-04-10T19:59:46","date_gmt":"2025-04-10T19:59:46","guid":{"rendered":"https:\/\/lsr.pl\/?page_id=16"},"modified":"2025-04-17T08:11:03","modified_gmt":"2025-04-17T08:11:03","slug":"kontakt","status":"publish","type":"page","link":"https:\/\/lsr.pl\/","title":{"rendered":"Kontakt"},"content":{"rendered":"\n<p>Zach\u0119camy do kontaktu \u2013 ch\u0119tnie zaprezentujemy nasz\u0105 ofert\u0119 i pomo\u017cemy dobra\u0107 rozwi\u0105zania najlepiej dopasowane do indywidualnych potrzeb Twojej firmy.<\/p>\n\n\n\n<p><strong>Le\u017cajskie Stowarzyszenie Rozwoju<\/strong><\/p>\n\n\n\n<p>ul. Targowa 9 <br>37-300 Le\u017cajsk<\/p>\n\n\n\n<p>tel. 17 242 79 08 <br>e-mail: lsr@lsr.pl<\/p>\n","protected":false},"excerpt":{"rendered":"<p>Zach\u0119camy do kontaktu \u2013 ch\u0119tnie zaprezentujemy nasz\u0105 ofert\u0119 i pomo\u017cemy dobra\u0107 rozwi\u0105zania najlepiej dopasowane do indywidualnych potrzeb Twojej firmy. Le\u017cajskie Stowarzyszenie Rozwoju ul. Targowa 9 37-300 Le\u017cajsk tel. 17 242 79 08 e-mail: lsr@lsr.pl<\/p>\n","protected":false},"author":1,"featured_media":30,"parent":0,"menu_order":0,"comment_status":"closed","ping_status":"closed","template":"","meta":{"footnotes":""},"class_list":["post-16","page","type-page","status-publish","has-post-thumbnail","hentry","clearfix"],"_links":{"self":[{"href":"https:\/\/lsr.pl\/index.php\/wp-json\/wp\/v2\/pages\/16","targetHints":{"allow":["GET"]}}],"collection":[{"href":"https:\/\/lsr.pl\/index.php\/wp-json\/wp\/v2\/pages"}],"about":[{"href":"https:\/\/lsr.pl\/index.php\/wp-json\/wp\/v2\/types\/page"}],"author":[{"embeddable":true,"href":"https:\/\/lsr.pl\/index.php\/wp-json\/wp\/v2\/users\/1"}],"replies":[{"embeddable":true,"href":"https:\/\/lsr.pl\/index.php\/wp-json\/wp\/v2\/comments?post=16"}],"version-history":[{"count":9,"href":"https:\/\/lsr.pl\/index.php\/wp-json\/wp\/v2\/pages\/16\/revisions"}],"predecessor-version":[{"id":39,"href":"https:\/\/lsr.pl\/index.php\/wp-json\/wp\/v2\/pages\/16\/revisions\/39"}],"wp:featuredmedia":[{"embeddable":true,"href":"https:\/\/lsr.pl\/index.php\/wp-json\/wp\/v2\/media\/30"}],"wp:attachment":[{"href":"https:\/\/lsr.pl\/index.php\/wp-json\/wp\/v2\/media?parent=16"}],"curies":[{"name":"wp","href":"https:\/\/api.w.org\/{rel}","templated":true}]}}